{"id":635,"date":"2016-03-03T19:21:48","date_gmt":"2016-03-03T17:21:48","guid":{"rendered":"http:\/\/sarabiagil.com\/es\/politica-privacidad-aviso-legal\/"},"modified":"2016-03-03T19:21:48","modified_gmt":"2016-03-03T17:21:48","slug":"politica-privacidad-aviso-legal","status":"publish","type":"page","link":"https:\/\/sarabiagil.com\/es\/politica-privacidad-aviso-legal\/","title":{"rendered":"Pol\u00edtica de Privacidad &#8211; Aviso Legal"},"content":{"rendered":"<p>[et_pb_section admin_label=\u00bbsection\u00bb][et_pb_row admin_label=\u00bbrow\u00bb][et_pb_column type=\u00bb4_4&#8243;][et_pb_text admin_label=\u00bbText\u00bb background_layout=\u00bblight\u00bb text_orientation=\u00bbleft\u00bb use_border_color=\u00bboff\u00bb border_color=\u00bb#ffffff\u00bb border_style=\u00bbsolid\u00bb]<\/p>\n<p>&nbsp;<\/p>\n<h1>Pol\u00edtica de Privacidad &#8211; Aviso Legal<\/h1>\n<p>[\/et_pb_text][\/et_pb_column][\/et_pb_row][et_pb_row admin_label=\u00bbrow\u00bb][et_pb_column type=\u00bb4_4&#8243;][et_pb_text admin_label=\u00bbText\u00bb background_layout=\u00bblight\u00bb text_orientation=\u00bbleft\u00bb use_border_color=\u00bboff\u00bb border_color=\u00bb#ffffff\u00bb border_style=\u00bbsolid\u00bb]<\/p>\n<p>La p\u00e1gina Web \u201c<strong>www.sarabiagil.com<\/strong>\u201d es titularidad de IURISCG ADVOCATS CONSULTORS SCP. y cumple con los requisitos derivados de la Ley 34\/2002, de 11 de julio, de Servicios de la Sociedad de la Informaci\u00f3n y de Comercio Electr\u00f3nico, del Real Decreto-ley 13\/2012, de 30 de marzo, as\u00ed como de las obligaci\u00f3n de Informaci\u00f3n al usuario contemplada en la Ley Org\u00e1nica 15\/1999, de 13 de diciembre, de Protecci\u00f3n de Datos de Car\u00e1cter Personal.<\/p>\n<p>Raz\u00f3n Social: <strong>IURISCG ADVOCATS CONSULTORS, SCP<\/strong><\/p>\n<p>Domicilio social: <strong>Av. Francesc Macia, 35\u00a0 7\u00ba &#8211; 25007 LLEIDA<\/strong><\/p>\n<p>C.I.F N\u00ba: <strong>J25771536<\/strong><\/p>\n<p>Datos registrales:\u00a0Inscrita Agencia Tributaria n\u00fam. expediente 20130001059266\u00a0c\u00f3digo electr\u00f3nico 5F9C97111F2B2BC67<\/p>\n<p>Tel\u00e9fono: <strong>973254033<\/strong><br \/>\nCorreo electr\u00f3nico:\u00a0 <strong>info@sarabiagil.com<\/strong><\/p>\n<p><strong>POL\u00cdTICA DE PRIVACIDAD:<\/strong><\/p>\n<p>De acuerdo con la normativa vigente en materia de protecci\u00f3n de datos as\u00ed como en materia de servicios de la sociedad de la informaci\u00f3n y de comercio electr\u00f3nico, el usuario acepta que los datos personales aportados en la Web, o cualquier otro facilitado a <strong>IURISCG ADVOCATS CONSULTORS SCP<\/strong>\u00a0 para su acceso a algunos de los servicios sean incorporados a ficheros titularidad de <strong>IURISCG ADVOCATS CONSULTORS SCP<\/strong>, con la finalidad de facilitar la prestaci\u00f3n de los servicios solicitados, para la correcta identificaci\u00f3n de los usuarios que solicitan servicios personalizados en la Web, para la gesti\u00f3n de tareas b\u00e1sicas de administraci\u00f3n, as\u00ed como para mantenerle informado, bien por correo electr\u00f3nico bien por cualquier otro medio, de novedades, productos y servicios relacionados con <strong>IURISCG ADVOCATS CONSULTORS SCP<\/strong>. En el caso de comunicaciones comerciales a trav\u00e9s de correo electr\u00f3nico o medio equivalente, el usuario presta su consentimiento expreso para el env\u00edo de publicidad a trav\u00e9s de dicho medio.<\/p>\n<p><strong>IURISCG ADVOCATS CONSULTORS SCP<\/strong>\u00a0 se compromete al cumplimiento de su obligaci\u00f3n de secreto de los datos de car\u00e1cter personal y de su deber de tratarlos con confidencialidad, y asume, a estos efectos, las medidas de \u00edndole t\u00e9cnica, organizativa y de seguridad necesarias para evitar su alteraci\u00f3n, p\u00e9rdida, tratamiento o acceso no autorizado, de acuerdo con lo establecido en la Ley Org\u00e1nica 15\/1999 de 13 de diciembre, de Protecci\u00f3n de Datos de Car\u00e1cter Personal, y dem\u00e1s legislaci\u00f3n aplicable. El usuario responder\u00e1, en cualquier caso, de la veracidad de los datos facilitados, reserv\u00e1ndose <strong>IURISCG ADVOCATS CONSULTORS SCP<\/strong>\u00a0 el derecho a excluir de los servicios registrados a todo usuario que haya facilitado datos falsos, sin perjuicio de las dem\u00e1s acciones que procedan en Derecho.<\/p>\n<p>Cualquier usuario puede en cualquier momento ejercitar sus derechos de acceso, rectificaci\u00f3n, cancelaci\u00f3n y oposici\u00f3n, mediante un escrito, acreditando su identidad, mediante fotocopia del DNI, y especificando el derecho a ejercitar, <strong>Raz\u00f3n Social:<\/strong> <strong>IURISCG ADVOCATS CONSULTORS SCP<\/strong><strong>Domicilio social: Av<\/strong><strong>. Francesc Macia, 35\u00a0 7\u00ba &#8211; 25007 LLEIDA\u00a0 o <\/strong><a href=\"mailto:comunitaria@comunitaria.es\"><strong>info@sarabiagilcom<\/strong><\/a><\/p>\n<p>Los usuarios aceptan expresamente y de forma libre e inequ\u00edvoca que sus datos personales sean tratados por parte de justimplant.cat para realizar las siguientes finalidades:<\/p>\n<p>Remisi\u00f3n de comunicaciones comerciales publicitarias por e-mail, fax, SMS, MMS, comunidades sociales o cualesquier otro medio electr\u00f3nico o f\u00edsico, presente o futuro, que posibilite realizar comunicaciones comerciales. Dichas comunicaciones comerciales ser\u00e1n relacionadas sobre productos o servicios ofrecidos por justimplant.cat, as\u00ed como por parte de los colaboradores con los que \u00e9ste hubiera alcanzado alg\u00fan acuerdo de promoci\u00f3n comercial entre sus clientes. En este caso, los terceros nunca tendr\u00e1n acceso a los datos personales. En todo caso las comunicaciones comerciales ser\u00e1n realizadas por parte del prestador y ser\u00e1n de productos y servicios relacionados con el sector del prestador.<\/p>\n<p>Realizar estudios estad\u00edsticos.<\/p>\n<p>Tramitar encargos, solicitudes o cualquier tipo de petici\u00f3n que sea realizada por el usuario a trav\u00e9s de cualquiera de las formas de contacto que se ponen a disposici\u00f3n del usuario en este sitio web.<\/p>\n<p>&nbsp;<\/p>\n<p><strong>IURISCG ADVOCATS CONSULTORS SCP <\/strong><em>i<\/em>nforma y garantiza expresamente a los usuarios que nunca vender\u00e1, arrendar\u00e1, compartir\u00e1 o de alguna otra manera distribuir\u00e1 o pondr\u00e1 sus datos a disposici\u00f3n de terceras personas y que siempre que fuera a realizarse alg\u00fan tipo de cesi\u00f3n de datos personales, de forma previa, se solicitar\u00eda el consentimiento expreso, informado, e inequ\u00edvoco por parte de los titulares.<\/p>\n<p>&nbsp;<\/p>\n<p><strong>Propiedad intelectual e industrial sobre los contenidos de la p\u00e1gina <\/strong><\/p>\n<p>Todos los elementos que forman el sitio web, as\u00ed como la estructura, dise\u00f1o y c\u00f3digo fuente de la misma, son titularidad del autor citado y est\u00e1n protegidos por la normativa de propiedad intelectual e industrial. Las fotograf\u00eda alojadas en esta web corresponden en su total propiedad a los autores citados junto a ellas.<\/p>\n<p>No se podr\u00e1n realizar actos de reproducci\u00f3n, modificaci\u00f3n, distribuci\u00f3n o comunicaci\u00f3n p\u00fablica del sitio web o alguno de sus elementos sin el previo consentimiento de esta web.<br \/>\nLos usuarios del sitio web \u00fanicamente podr\u00e1n realizar un uso privado y personal de los contenidos de \u00e9ste.<\/p>\n<p>Est\u00e1 absolutamente prohibido, el uso del sitio web o de alguno de sus elementos con fines comerciales o il\u00edcitos.<\/p>\n<p>Esta web no asumir\u00e1 ninguna responsabilidad derivada del uso por terceros del contenido del sitio web y podr\u00e1 ejercitar todas las acciones civiles o penales que le correspondan en caso de infracci\u00f3n de estos derechos por parte del usuario.<\/p>\n<p>&nbsp;<\/p>\n<p><strong>Modificaciones.<\/strong><\/p>\n<p>Con el fin de mejorar las prestaciones del sitio web, se reserva el derecho, en cualquier momento y sin previa notificaci\u00f3n al usuario, a modificar ampliar o suspender temporalmente la presentaci\u00f3n, configuraci\u00f3n, especificaciones t\u00e9cnicas y servicios del sitio web, de forma unilateral.<\/p>\n<p>Asimismo se reserva el derecho de modificar en cualquier momento las presentes condiciones de uso as\u00ed como cualesquiera otras condiciones particulares.<br \/>\n<strong>Exclusi\u00f3n de responsabilidad.<\/strong><\/p>\n<p>Esta web no se responsabiliza de los eventuales errores tipogr\u00e1ficos, formales o num\u00e9ricos que pueda contener el sitio web, ni de la exactitud de la informaci\u00f3n contenida en \u00e9l, as\u00ed como tampoco lo hace de opiniones identificadas o an\u00f3nimas vertidas por personas y\/o entidades en este website. En caso de alquiler, arrendamiento parcial y\/o total y venta de dicha web excluimos todo tipo de responsabilidad del contenido y veracidad en ella insertado, siendo la responsabilidad total y absoluta por parte del comprador\/arrendatario.<\/p>\n<p><strong>Hiperenlaces.<\/strong><\/p>\n<p>Por los hiperenlaces contenidos en el sitio web que pueden dirigir a p\u00e1ginas web de terceros, no se asume ninguna responsabilidad por el contenido, informaciones o servicios que pudieran aparecer en dichos sitios, que tendr\u00e1n exclusivamente car\u00e1cter informativo y que en ning\u00fan caso implican relaci\u00f3n alguna entre esta web y a las personas o entidades titulares de tales contenidos o titulares de los sitios donde se encuentren.<\/p>\n<p>[\/et_pb_text][\/et_pb_column][\/et_pb_row][\/et_pb_section]<\/p>\n","protected":false},"excerpt":{"rendered":"<p>&nbsp; Pol\u00edtica de Privacidad &#8211; Aviso Legal La p\u00e1gina Web \u201cwww.sarabiagil.com\u201d es titularidad de IURISCG ADVOCATS CONSULTORS SCP. y cumple con los requisitos derivados de la Ley 34\/2002, de 11 de julio, de Servicios de la Sociedad de la Informaci\u00f3n y de Comercio Electr\u00f3nico, del Real Decreto-ley 13\/2012, de 30 de marzo, as\u00ed como de [&hellip;]<\/p>\n","protected":false},"author":2,"featured_media":0,"parent":0,"menu_order":0,"comment_status":"closed","ping_status":"closed","template":"","meta":{"_et_pb_use_builder":"on","_et_pb_old_content":"","_et_gb_content_width":"","footnotes":"","_joinchat":[]},"yoast_head":"<!-- This site is optimized with the Yoast SEO plugin v22.1 - https:\/\/yoast.com\/wordpress\/plugins\/seo\/ -->\n<title>Pol\u00edtica de Privacidad - Aviso Legal - SARABIA-GIL | Advocats - Consultors - Mediaci\u00f3<\/title>\n<meta name=\"robots\" content=\"noindex, nofollow\" \/>\n<meta property=\"og:locale\" content=\"es_ES\" \/>\n<meta property=\"og:type\" content=\"article\" \/>\n<meta property=\"og:title\" content=\"Pol\u00edtica de Privacidad - Aviso Legal - SARABIA-GIL | Advocats - Consultors - Mediaci\u00f3\" \/>\n<meta property=\"og:description\" content=\"&nbsp; Pol\u00edtica de Privacidad - Aviso Legal La p\u00e1gina Web \u201cwww.sarabiagil.com\u201d es titularidad de IURISCG ADVOCATS CONSULTORS SCP. y cumple con los requisitos derivados de la Ley 34\/2002, de 11 de julio, de Servicios de la Sociedad de la Informaci\u00f3n y de Comercio Electr\u00f3nico, del Real Decreto-ley 13\/2012, de 30 de marzo, as\u00ed como de [&hellip;]\" \/>\n<meta property=\"og:url\" content=\"https:\/\/sarabiagil.com\/politica-privacidad-aviso-legal\/\" \/>\n<meta property=\"og:site_name\" content=\"SARABIA-GIL | Advocats - Consultors - Mediaci\u00f3\" \/>\n<meta name=\"twitter:card\" content=\"summary_large_image\" \/>\n<meta name=\"twitter:label1\" content=\"Tiempo de lectura\" \/>\n\t<meta name=\"twitter:data1\" content=\"6 minutos\" \/>\n<script type=\"application\/ld+json\" class=\"yoast-schema-graph\">{\"@context\":\"https:\/\/schema.org\",\"@graph\":[{\"@type\":\"WebPage\",\"@id\":\"https:\/\/sarabiagil.com\/politica-privacidad-aviso-legal\/\",\"url\":\"https:\/\/sarabiagil.com\/politica-privacidad-aviso-legal\/\",\"name\":\"Pol\u00edtica de Privacidad - Aviso Legal - SARABIA-GIL | Advocats - Consultors - Mediaci\u00f3\",\"isPartOf\":{\"@id\":\"https:\/\/sarabiagil.com\/#website\"},\"datePublished\":\"2016-03-03T17:21:48+00:00\",\"dateModified\":\"2016-03-03T17:21:48+00:00\",\"breadcrumb\":{\"@id\":\"https:\/\/sarabiagil.com\/politica-privacidad-aviso-legal\/#breadcrumb\"},\"inLanguage\":\"es\",\"potentialAction\":[{\"@type\":\"ReadAction\",\"target\":[\"https:\/\/sarabiagil.com\/politica-privacidad-aviso-legal\/\"]}]},{\"@type\":\"BreadcrumbList\",\"@id\":\"https:\/\/sarabiagil.com\/politica-privacidad-aviso-legal\/#breadcrumb\",\"itemListElement\":[{\"@type\":\"ListItem\",\"position\":1,\"name\":\"Inici\",\"item\":\"https:\/\/sarabiagil.com\/es\/inici\/\"},{\"@type\":\"ListItem\",\"position\":2,\"name\":\"Pol\u00edtica de Privacidad &#8211; Aviso Legal\"}]},{\"@type\":\"WebSite\",\"@id\":\"https:\/\/sarabiagil.com\/#website\",\"url\":\"https:\/\/sarabiagil.com\/\",\"name\":\"SARABIA-GIL | Advocats - Consultors - Mediaci\u00f3\",\"description\":\"Advocats - Consultors\",\"publisher\":{\"@id\":\"https:\/\/sarabiagil.com\/#organization\"},\"potentialAction\":[{\"@type\":\"SearchAction\",\"target\":{\"@type\":\"EntryPoint\",\"urlTemplate\":\"https:\/\/sarabiagil.com\/?s={search_term_string}\"},\"query-input\":\"required name=search_term_string\"}],\"inLanguage\":\"es\"},{\"@type\":\"Organization\",\"@id\":\"https:\/\/sarabiagil.com\/#organization\",\"name\":\"SARABIA-GIL | Advocats - Consultors - Mediaci\u00f3\",\"url\":\"https:\/\/sarabiagil.com\/\",\"logo\":{\"@type\":\"ImageObject\",\"inLanguage\":\"es\",\"@id\":\"https:\/\/sarabiagil.com\/#\/schema\/logo\/image\/\",\"url\":\"https:\/\/sarabiagil.com\/contenido\/logow-sarabia-gil.png\",\"contentUrl\":\"https:\/\/sarabiagil.com\/contenido\/logow-sarabia-gil.png\",\"width\":875,\"height\":835,\"caption\":\"SARABIA-GIL | Advocats - Consultors - Mediaci\u00f3\"},\"image\":{\"@id\":\"https:\/\/sarabiagil.com\/#\/schema\/logo\/image\/\"}}]}<\/script>\n<!-- \/ Yoast SEO plugin. -->","yoast_head_json":{"title":"Pol\u00edtica de Privacidad - Aviso Legal - SARABIA-GIL | Advocats - Consultors - Mediaci\u00f3","robots":{"index":"noindex","follow":"nofollow"},"og_locale":"es_ES","og_type":"article","og_title":"Pol\u00edtica de Privacidad - Aviso Legal - SARABIA-GIL | Advocats - Consultors - Mediaci\u00f3","og_description":"&nbsp; Pol\u00edtica de Privacidad - Aviso Legal La p\u00e1gina Web \u201cwww.sarabiagil.com\u201d es titularidad de IURISCG ADVOCATS CONSULTORS SCP. y cumple con los requisitos derivados de la Ley 34\/2002, de 11 de julio, de Servicios de la Sociedad de la Informaci\u00f3n y de Comercio Electr\u00f3nico, del Real Decreto-ley 13\/2012, de 30 de marzo, as\u00ed como de [&hellip;]","og_url":"https:\/\/sarabiagil.com\/politica-privacidad-aviso-legal\/","og_site_name":"SARABIA-GIL | Advocats - Consultors - Mediaci\u00f3","twitter_card":"summary_large_image","twitter_misc":{"Tiempo de lectura":"6 minutos"},"schema":{"@context":"https:\/\/schema.org","@graph":[{"@type":"WebPage","@id":"https:\/\/sarabiagil.com\/politica-privacidad-aviso-legal\/","url":"https:\/\/sarabiagil.com\/politica-privacidad-aviso-legal\/","name":"Pol\u00edtica de Privacidad - Aviso Legal - SARABIA-GIL | Advocats - Consultors - Mediaci\u00f3","isPartOf":{"@id":"https:\/\/sarabiagil.com\/#website"},"datePublished":"2016-03-03T17:21:48+00:00","dateModified":"2016-03-03T17:21:48+00:00","breadcrumb":{"@id":"https:\/\/sarabiagil.com\/politica-privacidad-aviso-legal\/#breadcrumb"},"inLanguage":"es","potentialAction":[{"@type":"ReadAction","target":["https:\/\/sarabiagil.com\/politica-privacidad-aviso-legal\/"]}]},{"@type":"BreadcrumbList","@id":"https:\/\/sarabiagil.com\/politica-privacidad-aviso-legal\/#breadcrumb","itemListElement":[{"@type":"ListItem","position":1,"name":"Inici","item":"https:\/\/sarabiagil.com\/es\/inici\/"},{"@type":"ListItem","position":2,"name":"Pol\u00edtica de Privacidad &#8211; Aviso Legal"}]},{"@type":"WebSite","@id":"https:\/\/sarabiagil.com\/#website","url":"https:\/\/sarabiagil.com\/","name":"SARABIA-GIL | Advocats - Consultors - Mediaci\u00f3","description":"Advocats - Consultors","publisher":{"@id":"https:\/\/sarabiagil.com\/#organization"},"potentialAction":[{"@type":"SearchAction","target":{"@type":"EntryPoint","urlTemplate":"https:\/\/sarabiagil.com\/?s={search_term_string}"},"query-input":"required name=search_term_string"}],"inLanguage":"es"},{"@type":"Organization","@id":"https:\/\/sarabiagil.com\/#organization","name":"SARABIA-GIL | Advocats - Consultors - Mediaci\u00f3","url":"https:\/\/sarabiagil.com\/","logo":{"@type":"ImageObject","inLanguage":"es","@id":"https:\/\/sarabiagil.com\/#\/schema\/logo\/image\/","url":"https:\/\/sarabiagil.com\/contenido\/logow-sarabia-gil.png","contentUrl":"https:\/\/sarabiagil.com\/contenido\/logow-sarabia-gil.png","width":875,"height":835,"caption":"SARABIA-GIL | Advocats - Consultors - Mediaci\u00f3"},"image":{"@id":"https:\/\/sarabiagil.com\/#\/schema\/logo\/image\/"}}]}},"_links":{"self":[{"href":"https:\/\/sarabiagil.com\/es\/wp-json\/wp\/v2\/pages\/635"}],"collection":[{"href":"https:\/\/sarabiagil.com\/es\/wp-json\/wp\/v2\/pages"}],"about":[{"href":"https:\/\/sarabiagil.com\/es\/wp-json\/wp\/v2\/types\/page"}],"author":[{"embeddable":true,"href":"https:\/\/sarabiagil.com\/es\/wp-json\/wp\/v2\/users\/2"}],"replies":[{"embeddable":true,"href":"https:\/\/sarabiagil.com\/es\/wp-json\/wp\/v2\/comments?post=635"}],"version-history":[{"count":0,"href":"https:\/\/sarabiagil.com\/es\/wp-json\/wp\/v2\/pages\/635\/revisions"}],"wp:attachment":[{"href":"https:\/\/sarabiagil.com\/es\/wp-json\/wp\/v2\/media?parent=635"}],"curies":[{"name":"wp","href":"https:\/\/api.w.org\/{rel}","templated":true}]}}