{"id":717,"date":"2017-04-04T19:13:07","date_gmt":"2017-04-04T17:13:07","guid":{"rendered":"http:\/\/sarabiagil.com\/?page_id=717\/"},"modified":"2017-04-12T19:18:54","modified_gmt":"2017-04-12T17:18:54","slug":"clausulas-suelo-plusvalias-municipales","status":"publish","type":"page","link":"https:\/\/sarabiagil.com\/es\/clausulas-suelo-plusvalias-municipales\/","title":{"rendered":"Gestionamos Cl\u00e1usulas Suelo y Plusval\u00edas Municipales"},"content":{"rendered":"<p>[et_pb_section bb_built=\u00bb1&#8243; admin_label=\u00bbsection\u00bb custom_padding=\u00bb20px|||\u00bb][et_pb_row admin_label=\u00bbrow\u00bb][et_pb_column type=\u00bb4_4&#8243;][et_pb_code admin_label=\u00bbCode\u00bb]&lt;script&gt;&lt;!&#8211; [et_pb_line_break_holder] &#8211;&gt;fbq(&#8216;track&#8217;, &#8216;ViewContent&#8217;);&lt;!&#8211; [et_pb_line_break_holder] &#8211;&gt;&lt;\/script&gt;&lt;!&#8211; [et_pb_line_break_holder] &#8211;&gt;[\/et_pb_code][et_pb_image admin_label=\u00bbImage\u00bb src=\u00bbhttps:\/\/sarabiagil.com\/contenido\/logow-sarabia-gil.png\u00bb url=\u00bbhttps:\/\/sarabiagil.com\/es\/\u00bb animation=\u00bbfade_in\u00bb align=\u00bbcenter\u00bb max_width=\u00bb200px\u00bb disabled_on=\u00bboff|off|off\u00bb \/][et_pb_post_title admin_label=\u00bbPost Title\u00bb meta=\u00bboff\u00bb text_orientation=\u00bbcenter\u00bb title_font_size=\u00bb32px\u00bb custom_margin=\u00bb||50px|\u00bb \/][et_pb_text admin_label=\u00bbText\u00bb text_orientation=\u00bbcenter\u00bb text_font_size=\u00bb26px\u00bb]<\/p>\n<p>Tienes o has tenido Clausula Suelo?<\/p>\n<p>Has pagado gastos hipotecarios?<\/p>\n<p>Tienes tu hipoteca referenciada al IRPH?<\/p>\n<p>[\/et_pb_text][\/et_pb_column][\/et_pb_row][et_pb_row admin_label=\u00bbrow\u00bb custom_padding=\u00bb80px|||\u00bb custom_margin=\u00bb|||\u00bb][et_pb_column type=\u00bb4_4&#8243;][et_pb_button admin_label=\u00bbButton\u00bb button_url=\u00bb#informate\u00bb button_text=\u00bbINF\u00d3RMATE!\u00bb button_alignment=\u00bbcenter\u00bb custom_button=\u00bbon\u00bb button_text_size=\u00bb21px\u00bb button_text_color=\u00bb#ffffff\u00bb button_bg_color=\u00bb#7a0707&#8243; button_icon=\u00bb%%45%%\u00bb background_color=\u00bb#7EBEC5&#8243; \/][et_pb_divider admin_label=\u00bbDivider\u00bb color=\u00bb#939393&#8243; show_divider=\u00bbon\u00bb \/][\/et_pb_column][\/et_pb_row][\/et_pb_section][et_pb_section bb_built=\u00bb1&#8243; admin_label=\u00bbsection\u00bb custom_padding=\u00bb|0px|0px|0px\u00bb module_id=\u00bbinformate\u00bb][et_pb_row admin_label=\u00bbrow\u00bb use_custom_width=\u00bbon\u00bb width_unit=\u00bboff\u00bb custom_width_percent=\u00bb51%\u00bb][et_pb_column type=\u00bb4_4&#8243;][et_pb_text admin_label=\u00bbText\u00bb text_font_size=\u00bb17px\u00bb custom_margin=\u00bb||80px|\u00bb]<\/p>\n<p><strong><em>\u00bfTienes Clausula Suelo?<\/em><\/strong><br \/>\nYa puedes acogerte al R.D. Ley 1\/2017 de protecci\u00f3n de los consumidores en esta materia. Te asesoramos y reclamamos por ti.<\/p>\n<p>&nbsp;<\/p>\n<p><strong>Gastos por formalizaci\u00f3n de tu Hipoteca<\/strong>.<br \/>\nSolicitamos\u00a0 la devoluci\u00f3n a tu banco<\/p>\n<p>Conoces la sentencia del Tribunal Constitucional que declara inconstitucional el <strong>pago de la Plusval\u00eda Municipal <\/strong>? Si has vendido una vivienda en los \u00faltimos 4 a\u00f1os por un valor inferior al que te cost\u00f3 puedes reclamar la devoluci\u00f3n a tu Ayuntamiento.<\/p>\n<p style=\"text-align: center;\">\n<p style=\"text-align: center;\">\n<p style=\"text-align: center;\"><strong>Te preparamos la reclamaci\u00f3n!<\/strong><\/p>\n<p class=\"et-fb-mce-line-break-holder\" style=\"text-align: center;\">\n<p>[\/et_pb_text][et_pb_text admin_label=\u00bbText\u00bb text_orientation=\u00bbcenter\u00bb]<\/p>\n<h3>Contacta con nosotros!<\/h3>\n<p>\n                <div class='gf_browser_gecko gform_wrapper' id='gform_wrapper_4' ><a id='gf_4' class='gform_anchor' ><\/a><form method='post' enctype='multipart\/form-data'  id='gform_4'  action='\/es\/wp-json\/wp\/v2\/pages\/717#gf_4'>\n                        <div class='gform_body'><ul id='gform_fields_4' class='gform_fields top_label form_sublabel_below description_below'><li id='field_4_5' class='gfield field_sublabel_below field_description_below gfield_visibility_visible' ><label class='gfield_label' for='input_4_5' >Nombre<\/label><div class='ginput_container ginput_container_text'><input name='input_5' id='input_4_5' type='text' value='' class='large'  tabindex='1'    aria-invalid=\"false\" \/><\/div><\/li><li id='field_4_2' class='gfield gfield_contains_required field_sublabel_below field_description_below gfield_visibility_visible' ><label class='gfield_label' for='input_4_2' >Correo electr\u00f3nico<span class='gfield_required'>*<\/span><\/label><div class='ginput_container ginput_container_email'>\n                            <input name='input_2' id='input_4_2' type='text' value='' class='large' tabindex='2'   \/>\n                        <\/div><\/li><li id='field_4_3' class='gfield field_sublabel_below field_description_below gfield_visibility_visible' ><label class='gfield_label' for='input_4_3' >Tel\u00e9fono<\/label><div class='ginput_container ginput_container_phone'><input name='input_3' id='input_4_3' type='text' value='' class='large' tabindex='3'    aria-invalid=\"false\" \/><\/div><\/li><li id='field_4_4' class='gfield field_sublabel_below field_description_below gfield_visibility_visible' ><label class='gfield_label' for='input_4_4' >Consulta<\/label><div class='ginput_container ginput_container_textarea'><textarea name='input_4' id='input_4_4' class='textarea small' tabindex='4'    aria-invalid=\"false\"   rows='10' cols='50'><\/textarea><\/div><\/li><li id='field_4_6' class='gfield gfield_contains_required field_sublabel_below field_description_below gfield_visibility_visible' ><label class='gfield_label'  ><span class='gfield_required'>*<\/span><\/label><div class='ginput_container ginput_container_checkbox'><ul class='gfield_checkbox' id='input_4_6'><li class='gchoice_4_6_1'>\n\t\t\t\t\t\t\t\t<input name='input_6.1' type='checkbox'  value='He le\u00eddo y acepto la &lt;a target=&quot;_blank&quot; href=&quot;http:\/\/sarabiagil.com\/politica-privacidad-aviso-legal\/&quot;&gt;pol\u00edtica de privacidad&lt;\/a&gt;'  id='choice_4_6_1' tabindex='5'  \/>\n\t\t\t\t\t\t\t\t<label for='choice_4_6_1' id='label_4_6_1'>He le\u00eddo y acepto la <a target=\"_blank\" href=\"http:\/\/sarabiagil.com\/politica-privacidad-aviso-legal\/\">pol\u00edtica de privacidad<\/a><\/label>\n\t\t\t\t\t\t\t<\/li><\/ul><\/div><\/li><li id='field_4_7' class='gfield gform_validation_container field_sublabel_below field_description_below gfield_visibility_' ><label class='gfield_label' for='input_4_7' >Comments<\/label><div class='ginput_container'><input name='input_7' id='input_4_7' type='text' value='' \/><\/div><div class='gfield_description'>Este campo es un campo de validaci\u00f3n y debe quedar sin cambios.<\/div><\/li>\n                            <\/ul><\/div>\n        <div class='gform_footer top_label'> <input type='submit' id='gform_submit_button_4' class='gform_button button' value='Enviar' tabindex='6' onclick='if(window[\"gf_submitting_4\"]){return false;}  window[\"gf_submitting_4\"]=true;  ' onkeypress='if( event.keyCode == 13 ){ if(window[\"gf_submitting_4\"]){return false;} window[\"gf_submitting_4\"]=true;  jQuery(\"#gform_4\").trigger(\"submit\",[true]); }' \/> \n            <input type='hidden' class='gform_hidden' name='is_submit_4' value='1' \/>\n            <input type='hidden' class='gform_hidden' name='gform_submit' value='4' \/>\n            \n            <input type='hidden' class='gform_hidden' name='gform_unique_id' value='' \/>\n            <input type='hidden' class='gform_hidden' name='state_4' value='WyJbXSIsIjUwMmM5OGJiODgwN2FhMGJkMzEzMTZlNmY0YzQ5NjE2Il0=' \/>\n            <input type='hidden' class='gform_hidden' name='gform_target_page_number_4' id='gform_target_page_number_4' value='0' \/>\n            <input type='hidden' class='gform_hidden' name='gform_source_page_number_4' id='gform_source_page_number_4' value='1' \/>\n            <input type='hidden' name='gform_field_values' value='' \/>\n            \n        <\/div>\n                        <\/form>\n                        <\/div><script type='text\/javascript'> jQuery(document).bind('gform_post_render', function(event, formId, currentPage){if(formId == 4) {} } );jQuery(document).bind('gform_post_conditional_logic', function(event, formId, fields, isInit){} );<\/script><script type='text\/javascript'> jQuery(document).ready(function(){jQuery(document).trigger('gform_post_render', [4, 1]) } ); <\/script> [\/et_pb_text][\/et_pb_column][\/et_pb_row][\/et_pb_section][et_pb_section bb_built=\u00bb1&#8243; admin_label=\u00bbsection\u00bb custom_padding=\u00bb0px|0px|50.5781px|0px\u00bb][et_pb_row admin_label=\u00bbrow\u00bb use_custom_width=\u00bbon\u00bb width_unit=\u00bboff\u00bb custom_width_percent=\u00bb60%\u00bb][et_pb_column type=\u00bb4_4&#8243;][et_pb_text admin_label=\u00bbText\u00bb text_orientation=\u00bbcenter\u00bb text_font_size=\u00bb18px\u00bb]<\/p>\n<p>Nuestro despacho SARABIA GIL ADVOCATS\u00a0 est\u00e1 especializado en estos asuntos. Si necesitas asesoramiento puedes \u00a0ponerte en contacto con nosotros a trav\u00e9s de este formulario de contacto o vis\u00edtanos en:<\/p>\n<p>Avinguda Francesc Maci\u00e0, n\u00ba35 7a planta 25007 Lleida<\/p>\n<p><i class=\"fa fa-envelope\"><\/i> <a href=\"mailto:info@sarabiagil.com\">info@sarabiagil.com<\/a> || <i class=\"fa fa-phone\"><\/i> Tel. <a href=\"tel:973254033\">973 67 83 67<\/a><\/p>\n<p>[\/et_pb_text][\/et_pb_column][\/et_pb_row][\/et_pb_section]<\/p>\n","protected":false},"excerpt":{"rendered":"<p>&lt;script&gt;&lt;!&#8211; [et_pb_line_break_holder] &#8211;&gt;fbq(&#8216;track&#8217;, &#8216;ViewContent&#8217;);&lt;!&#8211; [et_pb_line_break_holder] &#8211;&gt;&lt;\/script&gt;&lt;!&#8211; [et_pb_line_break_holder] &#8211;&gt; Tienes o has tenido Clausula Suelo? Has pagado gastos hipotecarios? Tienes tu hipoteca referenciada al IRPH? \u00bfTienes Clausula Suelo? Ya puedes acogerte al R.D. Ley 1\/2017 de protecci\u00f3n de los consumidores en esta materia. Te asesoramos y reclamamos por ti. &nbsp; Gastos por formalizaci\u00f3n de tu Hipoteca. [&hellip;]<\/p>\n","protected":false},"author":2,"featured_media":0,"parent":0,"menu_order":0,"comment_status":"closed","ping_status":"closed","template":"page-template-blank.php","meta":{"_et_pb_use_builder":"on","_et_pb_old_content":"","_et_gb_content_width":"","footnotes":"","_joinchat":[]},"yoast_head":"<!-- This site is optimized with the Yoast SEO plugin v22.1 - https:\/\/yoast.com\/wordpress\/plugins\/seo\/ -->\n<title>Gestionamos Cl\u00e1usulas Suelo y Plusval\u00edas Municipales - SARABIA-GIL | Advocats - Consultors - Mediaci\u00f3<\/title>\n<meta name=\"robots\" content=\"index, follow, max-snippet:-1, max-image-preview:large, max-video-preview:-1\" \/>\n<link rel=\"canonical\" href=\"https:\/\/sarabiagil.com\/es\/clausulas-suelo-plusvalias-municipales\/\" \/>\n<meta property=\"og:locale\" content=\"es_ES\" \/>\n<meta property=\"og:type\" content=\"article\" \/>\n<meta property=\"og:title\" content=\"Gestionamos Cl\u00e1usulas Suelo y Plusval\u00edas Municipales - SARABIA-GIL | Advocats - Consultors - Mediaci\u00f3\" \/>\n<meta property=\"og:description\" content=\"&lt;script&gt;&lt;!-- [et_pb_line_break_holder] --&gt;fbq(&#039;track&#039;, &#039;ViewContent&#039;);&lt;!-- [et_pb_line_break_holder] --&gt;&lt;\/script&gt;&lt;!-- [et_pb_line_break_holder] --&gt; Tienes o has tenido Clausula Suelo? Has pagado gastos hipotecarios? Tienes tu hipoteca referenciada al IRPH? \u00bfTienes Clausula Suelo? Ya puedes acogerte al R.D. Ley 1\/2017 de protecci\u00f3n de los consumidores en esta materia. Te asesoramos y reclamamos por ti. &nbsp; Gastos por formalizaci\u00f3n de tu Hipoteca. [&hellip;]\" \/>\n<meta property=\"og:url\" content=\"https:\/\/sarabiagil.com\/es\/clausulas-suelo-plusvalias-municipales\/\" \/>\n<meta property=\"og:site_name\" content=\"SARABIA-GIL | Advocats - Consultors - Mediaci\u00f3\" \/>\n<meta property=\"article:modified_time\" content=\"2017-04-12T17:18:54+00:00\" \/>\n<meta name=\"twitter:card\" content=\"summary_large_image\" \/>\n<meta name=\"twitter:label1\" content=\"Tiempo de lectura\" \/>\n\t<meta name=\"twitter:data1\" content=\"2 minutos\" \/>\n<script type=\"application\/ld+json\" class=\"yoast-schema-graph\">{\"@context\":\"https:\/\/schema.org\",\"@graph\":[{\"@type\":\"WebPage\",\"@id\":\"https:\/\/sarabiagil.com\/es\/clausulas-suelo-plusvalias-municipales\/\",\"url\":\"https:\/\/sarabiagil.com\/es\/clausulas-suelo-plusvalias-municipales\/\",\"name\":\"Gestionamos Cl\u00e1usulas Suelo y Plusval\u00edas Municipales - SARABIA-GIL | Advocats - Consultors - Mediaci\u00f3\",\"isPartOf\":{\"@id\":\"https:\/\/sarabiagil.com\/#website\"},\"datePublished\":\"2017-04-04T17:13:07+00:00\",\"dateModified\":\"2017-04-12T17:18:54+00:00\",\"breadcrumb\":{\"@id\":\"https:\/\/sarabiagil.com\/es\/clausulas-suelo-plusvalias-municipales\/#breadcrumb\"},\"inLanguage\":\"es\",\"potentialAction\":[{\"@type\":\"ReadAction\",\"target\":[\"https:\/\/sarabiagil.com\/es\/clausulas-suelo-plusvalias-municipales\/\"]}]},{\"@type\":\"BreadcrumbList\",\"@id\":\"https:\/\/sarabiagil.com\/es\/clausulas-suelo-plusvalias-municipales\/#breadcrumb\",\"itemListElement\":[{\"@type\":\"ListItem\",\"position\":1,\"name\":\"Inici\",\"item\":\"https:\/\/sarabiagil.com\/es\/inici\/\"},{\"@type\":\"ListItem\",\"position\":2,\"name\":\"Gestionamos Cl\u00e1usulas Suelo y Plusval\u00edas Municipales\"}]},{\"@type\":\"WebSite\",\"@id\":\"https:\/\/sarabiagil.com\/#website\",\"url\":\"https:\/\/sarabiagil.com\/\",\"name\":\"SARABIA-GIL | Advocats - Consultors - Mediaci\u00f3\",\"description\":\"Advocats - Consultors\",\"publisher\":{\"@id\":\"https:\/\/sarabiagil.com\/#organization\"},\"potentialAction\":[{\"@type\":\"SearchAction\",\"target\":{\"@type\":\"EntryPoint\",\"urlTemplate\":\"https:\/\/sarabiagil.com\/?s={search_term_string}\"},\"query-input\":\"required name=search_term_string\"}],\"inLanguage\":\"es\"},{\"@type\":\"Organization\",\"@id\":\"https:\/\/sarabiagil.com\/#organization\",\"name\":\"SARABIA-GIL | Advocats - Consultors - Mediaci\u00f3\",\"url\":\"https:\/\/sarabiagil.com\/\",\"logo\":{\"@type\":\"ImageObject\",\"inLanguage\":\"es\",\"@id\":\"https:\/\/sarabiagil.com\/#\/schema\/logo\/image\/\",\"url\":\"https:\/\/sarabiagil.com\/contenido\/logow-sarabia-gil.png\",\"contentUrl\":\"https:\/\/sarabiagil.com\/contenido\/logow-sarabia-gil.png\",\"width\":875,\"height\":835,\"caption\":\"SARABIA-GIL | Advocats - Consultors - Mediaci\u00f3\"},\"image\":{\"@id\":\"https:\/\/sarabiagil.com\/#\/schema\/logo\/image\/\"}}]}<\/script>\n<!-- \/ Yoast SEO plugin. -->","yoast_head_json":{"title":"Gestionamos Cl\u00e1usulas Suelo y Plusval\u00edas Municipales - SARABIA-GIL | Advocats - Consultors - Mediaci\u00f3","robots":{"index":"index","follow":"follow","max-snippet":"max-snippet:-1","max-image-preview":"max-image-preview:large","max-video-preview":"max-video-preview:-1"},"canonical":"https:\/\/sarabiagil.com\/es\/clausulas-suelo-plusvalias-municipales\/","og_locale":"es_ES","og_type":"article","og_title":"Gestionamos Cl\u00e1usulas Suelo y Plusval\u00edas Municipales - SARABIA-GIL | Advocats - Consultors - Mediaci\u00f3","og_description":"&lt;script&gt;&lt;!-- [et_pb_line_break_holder] --&gt;fbq('track', 'ViewContent');&lt;!-- [et_pb_line_break_holder] --&gt;&lt;\/script&gt;&lt;!-- [et_pb_line_break_holder] --&gt; Tienes o has tenido Clausula Suelo? Has pagado gastos hipotecarios? Tienes tu hipoteca referenciada al IRPH? \u00bfTienes Clausula Suelo? Ya puedes acogerte al R.D. Ley 1\/2017 de protecci\u00f3n de los consumidores en esta materia. Te asesoramos y reclamamos por ti. &nbsp; Gastos por formalizaci\u00f3n de tu Hipoteca. [&hellip;]","og_url":"https:\/\/sarabiagil.com\/es\/clausulas-suelo-plusvalias-municipales\/","og_site_name":"SARABIA-GIL | Advocats - Consultors - Mediaci\u00f3","article_modified_time":"2017-04-12T17:18:54+00:00","twitter_card":"summary_large_image","twitter_misc":{"Tiempo de lectura":"2 minutos"},"schema":{"@context":"https:\/\/schema.org","@graph":[{"@type":"WebPage","@id":"https:\/\/sarabiagil.com\/es\/clausulas-suelo-plusvalias-municipales\/","url":"https:\/\/sarabiagil.com\/es\/clausulas-suelo-plusvalias-municipales\/","name":"Gestionamos Cl\u00e1usulas Suelo y Plusval\u00edas Municipales - SARABIA-GIL | Advocats - Consultors - Mediaci\u00f3","isPartOf":{"@id":"https:\/\/sarabiagil.com\/#website"},"datePublished":"2017-04-04T17:13:07+00:00","dateModified":"2017-04-12T17:18:54+00:00","breadcrumb":{"@id":"https:\/\/sarabiagil.com\/es\/clausulas-suelo-plusvalias-municipales\/#breadcrumb"},"inLanguage":"es","potentialAction":[{"@type":"ReadAction","target":["https:\/\/sarabiagil.com\/es\/clausulas-suelo-plusvalias-municipales\/"]}]},{"@type":"BreadcrumbList","@id":"https:\/\/sarabiagil.com\/es\/clausulas-suelo-plusvalias-municipales\/#breadcrumb","itemListElement":[{"@type":"ListItem","position":1,"name":"Inici","item":"https:\/\/sarabiagil.com\/es\/inici\/"},{"@type":"ListItem","position":2,"name":"Gestionamos Cl\u00e1usulas Suelo y Plusval\u00edas Municipales"}]},{"@type":"WebSite","@id":"https:\/\/sarabiagil.com\/#website","url":"https:\/\/sarabiagil.com\/","name":"SARABIA-GIL | Advocats - Consultors - Mediaci\u00f3","description":"Advocats - Consultors","publisher":{"@id":"https:\/\/sarabiagil.com\/#organization"},"potentialAction":[{"@type":"SearchAction","target":{"@type":"EntryPoint","urlTemplate":"https:\/\/sarabiagil.com\/?s={search_term_string}"},"query-input":"required name=search_term_string"}],"inLanguage":"es"},{"@type":"Organization","@id":"https:\/\/sarabiagil.com\/#organization","name":"SARABIA-GIL | Advocats - Consultors - Mediaci\u00f3","url":"https:\/\/sarabiagil.com\/","logo":{"@type":"ImageObject","inLanguage":"es","@id":"https:\/\/sarabiagil.com\/#\/schema\/logo\/image\/","url":"https:\/\/sarabiagil.com\/contenido\/logow-sarabia-gil.png","contentUrl":"https:\/\/sarabiagil.com\/contenido\/logow-sarabia-gil.png","width":875,"height":835,"caption":"SARABIA-GIL | Advocats - Consultors - Mediaci\u00f3"},"image":{"@id":"https:\/\/sarabiagil.com\/#\/schema\/logo\/image\/"}}]}},"_links":{"self":[{"href":"https:\/\/sarabiagil.com\/es\/wp-json\/wp\/v2\/pages\/717"}],"collection":[{"href":"https:\/\/sarabiagil.com\/es\/wp-json\/wp\/v2\/pages"}],"about":[{"href":"https:\/\/sarabiagil.com\/es\/wp-json\/wp\/v2\/types\/page"}],"author":[{"embeddable":true,"href":"https:\/\/sarabiagil.com\/es\/wp-json\/wp\/v2\/users\/2"}],"replies":[{"embeddable":true,"href":"https:\/\/sarabiagil.com\/es\/wp-json\/wp\/v2\/comments?post=717"}],"version-history":[{"count":16,"href":"https:\/\/sarabiagil.com\/es\/wp-json\/wp\/v2\/pages\/717\/revisions"}],"predecessor-version":[{"id":747,"href":"https:\/\/sarabiagil.com\/es\/wp-json\/wp\/v2\/pages\/717\/revisions\/747"}],"wp:attachment":[{"href":"https:\/\/sarabiagil.com\/es\/wp-json\/wp\/v2\/media?parent=717"}],"curies":[{"name":"wp","href":"https:\/\/api.w.org\/{rel}","templated":true}]}}